{"id":1735,"date":"2023-07-06T08:55:21","date_gmt":"2023-07-06T08:55:21","guid":{"rendered":"https:\/\/en.mca-zimskivrt.si\/?page_id=1735"},"modified":"2023-10-11T13:33:15","modified_gmt":"2023-10-11T13:33:15","slug":"brezplacen-3d-izri","status":"publish","type":"page","link":"https:\/\/en.mca-zimskivrt.si\/it\/brezplacen-3d-izri\/","title":{"rendered":"Rendering 3D gratuito"},"content":{"rendered":"<div data-elementor-type=\"wp-page\" data-elementor-id=\"1735\" class=\"elementor elementor-1735\" data-elementor-post-type=\"page\">\n\t\t\t\t\t\t<section class=\"elementor-section elementor-top-section elementor-element elementor-element-0cbffd3 elementor-section-boxed elementor-section-height-default elementor-section-height-default\" data-id=\"0cbffd3\" data-element_type=\"section\">\n\t\t\t\t\t\t<div class=\"elementor-container elementor-column-gap-default\">\n\t\t\t\t\t<div class=\"elementor-column elementor-col-100 elementor-top-column elementor-element elementor-element-031bc15\" data-id=\"031bc15\" data-element_type=\"column\">\n\t\t\t<div class=\"elementor-widget-wrap elementor-element-populated\">\n\t\t\t\t\t\t<div class=\"elementor-element elementor-element-11c17df elementor-widget elementor-widget-heading\" data-id=\"11c17df\" data-element_type=\"widget\" data-widget_type=\"heading.default\">\n\t\t\t\t<div class=\"elementor-widget-container\">\n\t\t\t<h2 class=\"elementor-heading-title elementor-size-default\">DISEGNO 3D GRATUITO<\/h2>\t\t<\/div>\n\t\t\t\t<\/div>\n\t\t\t\t<div class=\"elementor-element elementor-element-5a857ae elementor-widget elementor-widget-spacer\" data-id=\"5a857ae\" data-element_type=\"widget\" data-widget_type=\"spacer.default\">\n\t\t\t\t<div class=\"elementor-widget-container\">\n\t\t\t\t\t<div class=\"elementor-spacer\">\n\t\t\t<div class=\"elementor-spacer-inner\"><\/div>\n\t\t<\/div>\n\t\t\t\t<\/div>\n\t\t\t\t<\/div>\n\t\t\t\t<div class=\"elementor-element elementor-element-138aeb6 elementor-widget elementor-widget-heading\" data-id=\"138aeb6\" data-element_type=\"widget\" data-widget_type=\"heading.default\">\n\t\t\t\t<div class=\"elementor-widget-container\">\n\t\t\t<h2 class=\"elementor-heading-title elementor-size-default\">Progettare un giardino d'inverno<\/h2>\t\t<\/div>\n\t\t\t\t<\/div>\n\t\t\t\t<div class=\"elementor-element elementor-element-b237aa5 elementor-widget elementor-widget-text-editor\" data-id=\"b237aa5\" data-element_type=\"widget\" data-widget_type=\"text-editor.default\">\n\t\t\t\t<div class=\"elementor-widget-container\">\n\t\t\t\t\t\t\t<p>Ognuno di noi ha il desiderio di avere il proprio \"giardino d'inverno\". Uno spazio dove ci sia luce a sufficienza e una splendida vista sull'ambiente circostante. Con i nostri giardini d'inverno, che sono una sinergia di soluzioni tecniche, materiali di qualit\u00e0 e montaggio preciso, i vostri desideri diventeranno realt\u00e0.<\/p><p>Prima di tutto, dovete chiedervi a cosa vi serve un giardino d'inverno. Di solito scegliamo un giardino d'inverno perch\u00e9 abbiamo bisogno di uno spazio in cui trovare la pace e la tranquillit\u00e0 tanto necessarie per riposare e rilassarci. Tuttavia, la scelta di un giardino d'inverno pu\u00f2 essere dovuta alla necessit\u00e0 di spazio aggiuntivo, e il modo pi\u00f9 semplice e veloce per risolvere questo problema \u00e8 un giardino d'inverno.<\/p><p>Quando l'idea di un giardino d'inverno matura dentro di noi, \u00e8 il turno degli esperti che ci aiutano nel percorso verso la costruzione finale del giardino d'inverno. Il punto di partenza pi\u00f9 importante per la creazione di un giardino d'inverno \u00e8 che esso diventi un ornamento dell'edificio esistente.<br \/>I nostri esperti hanno un'esperienza pluriennale nella progettazione e nella realizzazione di giardini d'inverno e saranno lieti di consigliarvi. Se si tratta di un intervento importante nell'edificio, l'architetto deve assolutamente essere presente.<\/p>\t\t\t\t\t\t<\/div>\n\t\t\t\t<\/div>\n\t\t\t\t\t<\/div>\n\t\t<\/div>\n\t\t\t\t\t<\/div>\n\t\t<\/section>\n\t\t\t\t<section class=\"elementor-section elementor-top-section elementor-element elementor-element-7a10ab1 elementor-section-boxed elementor-section-height-default elementor-section-height-default\" data-id=\"7a10ab1\" data-element_type=\"section\">\n\t\t\t\t\t\t<div class=\"elementor-container elementor-column-gap-default\">\n\t\t\t\t\t<div class=\"elementor-column elementor-col-100 elementor-top-column elementor-element elementor-element-71dbfdd\" data-id=\"71dbfdd\" data-element_type=\"column\">\n\t\t\t<div class=\"elementor-widget-wrap elementor-element-populated\">\n\t\t\t\t\t\t<div class=\"elementor-element elementor-element-7ce64c8 elementor-widget elementor-widget-spacer\" data-id=\"7ce64c8\" data-element_type=\"widget\" data-widget_type=\"spacer.default\">\n\t\t\t\t<div class=\"elementor-widget-container\">\n\t\t\t\t\t<div class=\"elementor-spacer\">\n\t\t\t<div class=\"elementor-spacer-inner\"><\/div>\n\t\t<\/div>\n\t\t\t\t<\/div>\n\t\t\t\t<\/div>\n\t\t\t\t<div class=\"elementor-element elementor-element-4a93f28 elementor-widget elementor-widget-heading\" data-id=\"4a93f28\" data-element_type=\"widget\" data-widget_type=\"heading.default\">\n\t\t\t\t<div class=\"elementor-widget-container\">\n\t\t\t<h2 class=\"elementor-heading-title elementor-size-default\">Quali materiali utilizzare?<\/h2>\t\t<\/div>\n\t\t\t\t<\/div>\n\t\t\t\t<div class=\"elementor-element elementor-element-5f484d7 elementor-widget elementor-widget-text-editor\" data-id=\"5f484d7\" data-element_type=\"widget\" data-widget_type=\"text-editor.default\">\n\t\t\t\t<div class=\"elementor-widget-container\">\n\t\t\t\t\t\t\t<p>Dobbiamo decidere dopo aver consultato un esperto, dove potremo ottenere informazioni precise sui vantaggi e gli svantaggi di queste soluzioni. I giardini d'inverno sono molto diversi tra loro e sono prodotti unici per ogni singolo cliente. \u00c8 necessario prendere in considerazione i desideri dell'acquirente, lo scopo dell'utilizzo del giardino d'inverno, la sua posizione...<\/p><p>I nostri giardini d'inverno sono realizzati con materiali in PVC, con i quali otteniamo un migliore isolamento termico. La struttura in acciaio zincato, che costituisce la base di ogni giardino d'inverno, garantisce la capacit\u00e0 di carico. La struttura portante deve essere abbastanza robusta da sopportare tutti i carichi possibili. Di questo si occupano i nostri esperti, che effettuano un calcolo accurato delle dimensioni necessarie.<\/p><p>Un altro aspetto molto importante sono i profili in vetro e PVC, che devono garantire il miglior isolamento termico possibile.<\/p><p>Per il vetro del tetto vengono utilizzati un vetro temperato da 8 mm (in alto), un distanziatore da 16 mm e un vetro 4 + 4 GLUE (in basso). Si tratta di un vetro di base che pu\u00f2 essere migliorato con un vetro riflettente o un vetro a triplo strato.<\/p><p>Il vetro della parete \u00e8 solitamente di 4 -16 - 4; se si desidera, \u00e8 possibile utilizzare un vetro a triplo strato o pi\u00f9 fonoisolante.<\/p>\t\t\t\t\t\t<\/div>\n\t\t\t\t<\/div>\n\t\t\t\t\t<\/div>\n\t\t<\/div>\n\t\t\t\t\t<\/div>\n\t\t<\/section>\n\t\t\t\t<section class=\"elementor-section elementor-top-section elementor-element elementor-element-a1d75e7 elementor-section-boxed elementor-section-height-default elementor-section-height-default\" data-id=\"a1d75e7\" data-element_type=\"section\">\n\t\t\t\t\t\t<div class=\"elementor-container elementor-column-gap-default\">\n\t\t\t\t\t<div class=\"elementor-column elementor-col-100 elementor-top-column elementor-element elementor-element-318d722\" data-id=\"318d722\" data-element_type=\"column\">\n\t\t\t<div class=\"elementor-widget-wrap elementor-element-populated\">\n\t\t\t\t\t\t<div class=\"elementor-element elementor-element-85ab602 elementor-widget elementor-widget-spacer\" data-id=\"85ab602\" data-element_type=\"widget\" data-widget_type=\"spacer.default\">\n\t\t\t\t<div class=\"elementor-widget-container\">\n\t\t\t\t\t<div class=\"elementor-spacer\">\n\t\t\t<div class=\"elementor-spacer-inner\"><\/div>\n\t\t<\/div>\n\t\t\t\t<\/div>\n\t\t\t\t<\/div>\n\t\t\t\t<div class=\"elementor-element elementor-element-0825bb7 elementor-widget elementor-widget-heading\" data-id=\"0825bb7\" data-element_type=\"widget\" data-widget_type=\"heading.default\">\n\t\t\t\t<div class=\"elementor-widget-container\">\n\t\t\t<h2 class=\"elementor-heading-title elementor-size-default\">Cosa dobbiamo sapere sulla ventilazione, il riscaldamento e il raffreddamento dei giardini d'inverno?<\/h2>\t\t<\/div>\n\t\t\t\t<\/div>\n\t\t\t\t<div class=\"elementor-element elementor-element-47a543c elementor-widget elementor-widget-text-editor\" data-id=\"47a543c\" data-element_type=\"widget\" data-widget_type=\"text-editor.default\">\n\t\t\t\t<div class=\"elementor-widget-container\">\n\t\t\t\t\t\t\t<p>Innanzitutto, \u00e8 necessario garantire la ventilazione naturale aprendo correttamente le finestre e le porte. A seconda delle dimensioni e della posizione del giardino d'inverno, si determinano i metodi di apertura ottimali (finestre classiche, finestre e porte scorrevoli, porte a fisarmonica...).<\/p><p>Il giardino d'inverno \u00e8 un luogo che dovrebbe essere utilizzato tutto l'anno, quindi \u00e8 necessario provvedere per tempo a un riscaldamento adeguato. Una combinazione di riscaldamento a pavimento e riscaldamento tradizionale \u00e8 la migliore.<\/p><p>Il raffreddamento del giardino d'inverno nei mesi estivi si ottiene con le tende (tenda da sole, tetto plissettato - metallizzato, tende esterne e zanzariere, tende interne...).<br \/>Per i periodi di transizione, la soluzione migliore \u00e8 un condizionatore che combina raffreddamento e riscaldamento.<\/p>\t\t\t\t\t\t<\/div>\n\t\t\t\t<\/div>\n\t\t\t\t<div class=\"elementor-element elementor-element-a0ad9aa elementor-widget elementor-widget-spacer\" data-id=\"a0ad9aa\" data-element_type=\"widget\" data-widget_type=\"spacer.default\">\n\t\t\t\t<div class=\"elementor-widget-container\">\n\t\t\t\t\t<div class=\"elementor-spacer\">\n\t\t\t<div class=\"elementor-spacer-inner\"><\/div>\n\t\t<\/div>\n\t\t\t\t<\/div>\n\t\t\t\t<\/div>\n\t\t\t\t\t<\/div>\n\t\t<\/div>\n\t\t\t\t\t<\/div>\n\t\t<\/section>\n\t\t\t\t<section class=\"elementor-section elementor-top-section elementor-element elementor-element-ccbd155 elementor-section-boxed elementor-section-height-default elementor-section-height-default\" data-id=\"ccbd155\" data-element_type=\"section\">\n\t\t\t\t\t\t<div class=\"elementor-container elementor-column-gap-default\">\n\t\t\t\t\t<div class=\"elementor-column elementor-col-100 elementor-top-column elementor-element elementor-element-332fec1\" data-id=\"332fec1\" data-element_type=\"column\">\n\t\t\t<div class=\"elementor-widget-wrap elementor-element-populated\">\n\t\t\t\t\t\t<div class=\"elementor-element elementor-element-ccae970 elementor-widget elementor-widget-oew-image-gallery\" data-id=\"ccae970\" data-element_type=\"widget\" data-widget_type=\"oew-image-gallery.default\">\n\t\t\t\t<div class=\"elementor-widget-container\">\n\t\t\t\n\t\t<div class=\"oew-image-gallery oew-has-lightbox\">\n\t\t\t\n\t\t\t\t<div class=\"oew-gallery-item\">\n\t\t\t\t\t<a class=\"oew-gallery-item-inner no-lightbox\" href=\"https:\/\/en.mca-zimskivrt.si\/wp-content\/uploads\/2023\/07\/MCA-Zimski-vrt-3D-Kontura-3.jpg\" data-width=\"1024\" data-height=\"685\" data-elementor-open-lightbox=\"no\">\n\t\t\t\t\t\t<div class=\"oew-gallery-thumbnail\">\n\t\t\t\t\t\t\t<img decoding=\"async\" src=\"https:\/\/en.mca-zimskivrt.si\/wp-content\/uploads\/2023\/07\/MCA-Zimski-vrt-3D-Kontura-3-300x201.jpg\" alt=\"MCA 3D izris\">\n\t\t\t\t\t\t<\/div>\n\n\t\t\t\t\t\t\t\t\t\t\t\t\t<div class=\"oew-gallery-overlay oew-gallery-transition-fade\">\n\t\t\t\t\t\t\t\t\t\t\t\t\t\t\t<\/div>\n\t\t\t\t\t\t\t\t\t\t\t\t<\/a>\n\t\t\t\t<\/div>\n\n\t\t\t\t\n\t\t\t\t<div class=\"oew-gallery-item\">\n\t\t\t\t\t<a class=\"oew-gallery-item-inner no-lightbox\" href=\"https:\/\/en.mca-zimskivrt.si\/wp-content\/uploads\/2023\/07\/MCA-Zimski-vrt-3D-Kontura-4.jpg\" data-width=\"1024\" data-height=\"685\" data-elementor-open-lightbox=\"no\">\n\t\t\t\t\t\t<div class=\"oew-gallery-thumbnail\">\n\t\t\t\t\t\t\t<img decoding=\"async\" src=\"https:\/\/en.mca-zimskivrt.si\/wp-content\/uploads\/2023\/07\/MCA-Zimski-vrt-3D-Kontura-4-300x201.jpg\" alt=\"MCA 3D izris\">\n\t\t\t\t\t\t<\/div>\n\n\t\t\t\t\t\t\t\t\t\t\t\t\t<div class=\"oew-gallery-overlay oew-gallery-transition-fade\">\n\t\t\t\t\t\t\t\t\t\t\t\t\t\t\t<\/div>\n\t\t\t\t\t\t\t\t\t\t\t\t<\/a>\n\t\t\t\t<\/div>\n\n\t\t\t\t\n\t\t\t\t<div class=\"oew-gallery-item\">\n\t\t\t\t\t<a class=\"oew-gallery-item-inner no-lightbox\" href=\"https:\/\/en.mca-zimskivrt.si\/wp-content\/uploads\/2023\/07\/MCA-Zimski-vrt-3D-Kontura-6.jpg\" data-width=\"1024\" data-height=\"685\" data-elementor-open-lightbox=\"no\">\n\t\t\t\t\t\t<div class=\"oew-gallery-thumbnail\">\n\t\t\t\t\t\t\t<img decoding=\"async\" src=\"https:\/\/en.mca-zimskivrt.si\/wp-content\/uploads\/2023\/07\/MCA-Zimski-vrt-3D-Kontura-6-300x201.jpg\" alt=\"MCA 3D izris\">\n\t\t\t\t\t\t<\/div>\n\n\t\t\t\t\t\t\t\t\t\t\t\t\t<div class=\"oew-gallery-overlay oew-gallery-transition-fade\">\n\t\t\t\t\t\t\t\t\t\t\t\t\t\t\t<\/div>\n\t\t\t\t\t\t\t\t\t\t\t\t<\/a>\n\t\t\t\t<\/div>\n\n\t\t\t\t\n\t\t\t\t<div class=\"oew-gallery-item\">\n\t\t\t\t\t<a class=\"oew-gallery-item-inner no-lightbox\" href=\"https:\/\/en.mca-zimskivrt.si\/wp-content\/uploads\/2023\/07\/MCA-Zimski-vrt-3D-Kontura-8.jpg\" data-width=\"1024\" data-height=\"685\" data-elementor-open-lightbox=\"no\">\n\t\t\t\t\t\t<div class=\"oew-gallery-thumbnail\">\n\t\t\t\t\t\t\t<img decoding=\"async\" src=\"https:\/\/en.mca-zimskivrt.si\/wp-content\/uploads\/2023\/07\/MCA-Zimski-vrt-3D-Kontura-8-300x201.jpg\" alt=\"MCA 3D izris\">\n\t\t\t\t\t\t<\/div>\n\n\t\t\t\t\t\t\t\t\t\t\t\t\t<div class=\"oew-gallery-overlay oew-gallery-transition-fade\">\n\t\t\t\t\t\t\t\t\t\t\t\t\t\t\t<\/div>\n\t\t\t\t\t\t\t\t\t\t\t\t<\/a>\n\t\t\t\t<\/div>\n\n\t\t\t\t\n\t\t\t\t<div class=\"oew-gallery-item\">\n\t\t\t\t\t<a class=\"oew-gallery-item-inner no-lightbox\" href=\"https:\/\/en.mca-zimskivrt.si\/wp-content\/uploads\/2023\/07\/MCA-Zimski-vrt-3D-Kontura-12.jpg\" data-width=\"1024\" data-height=\"685\" data-elementor-open-lightbox=\"no\">\n\t\t\t\t\t\t<div class=\"oew-gallery-thumbnail\">\n\t\t\t\t\t\t\t<img decoding=\"async\" src=\"https:\/\/en.mca-zimskivrt.si\/wp-content\/uploads\/2023\/07\/MCA-Zimski-vrt-3D-Kontura-12-300x201.jpg\" alt=\"MCA 3D izris\">\n\t\t\t\t\t\t<\/div>\n\n\t\t\t\t\t\t\t\t\t\t\t\t\t<div class=\"oew-gallery-overlay oew-gallery-transition-fade\">\n\t\t\t\t\t\t\t\t\t\t\t\t\t\t\t<\/div>\n\t\t\t\t\t\t\t\t\t\t\t\t<\/a>\n\t\t\t\t<\/div>\n\n\t\t\t\t\n\t\t\t\t<div class=\"oew-gallery-item\">\n\t\t\t\t\t<a class=\"oew-gallery-item-inner no-lightbox\" href=\"https:\/\/en.mca-zimskivrt.si\/wp-content\/uploads\/2023\/07\/MCA-Zimski-vrt-3D-Kontura-14.jpg\" data-width=\"1024\" data-height=\"685\" data-elementor-open-lightbox=\"no\">\n\t\t\t\t\t\t<div class=\"oew-gallery-thumbnail\">\n\t\t\t\t\t\t\t<img decoding=\"async\" src=\"https:\/\/en.mca-zimskivrt.si\/wp-content\/uploads\/2023\/07\/MCA-Zimski-vrt-3D-Kontura-14-300x201.jpg\" alt=\"MCA 3D izris\">\n\t\t\t\t\t\t<\/div>\n\n\t\t\t\t\t\t\t\t\t\t\t\t\t<div class=\"oew-gallery-overlay oew-gallery-transition-fade\">\n\t\t\t\t\t\t\t\t\t\t\t\t\t\t\t<\/div>\n\t\t\t\t\t\t\t\t\t\t\t\t<\/a>\n\t\t\t\t<\/div>\n\n\t\t\t\t\n\t\t\t\t<div class=\"oew-gallery-item\">\n\t\t\t\t\t<a class=\"oew-gallery-item-inner no-lightbox\" href=\"https:\/\/en.mca-zimskivrt.si\/wp-content\/uploads\/2023\/07\/MCA-Zimski-vrt-3D-Kontura-20.jpg\" data-width=\"1024\" data-height=\"685\" data-elementor-open-lightbox=\"no\">\n\t\t\t\t\t\t<div class=\"oew-gallery-thumbnail\">\n\t\t\t\t\t\t\t<img decoding=\"async\" src=\"https:\/\/en.mca-zimskivrt.si\/wp-content\/uploads\/2023\/07\/MCA-Zimski-vrt-3D-Kontura-20-300x201.jpg\" alt=\"MCA 3D izris\">\n\t\t\t\t\t\t<\/div>\n\n\t\t\t\t\t\t\t\t\t\t\t\t\t<div class=\"oew-gallery-overlay oew-gallery-transition-fade\">\n\t\t\t\t\t\t\t\t\t\t\t\t\t\t\t<\/div>\n\t\t\t\t\t\t\t\t\t\t\t\t<\/a>\n\t\t\t\t<\/div>\n\n\t\t\t\t\n\t\t\t\t<div class=\"oew-gallery-item\">\n\t\t\t\t\t<a class=\"oew-gallery-item-inner no-lightbox\" href=\"https:\/\/en.mca-zimskivrt.si\/wp-content\/uploads\/2023\/07\/MCA-Zimski-vrt-3D-Kontura-35.jpg\" data-width=\"1024\" data-height=\"685\" data-elementor-open-lightbox=\"no\">\n\t\t\t\t\t\t<div class=\"oew-gallery-thumbnail\">\n\t\t\t\t\t\t\t<img decoding=\"async\" src=\"https:\/\/en.mca-zimskivrt.si\/wp-content\/uploads\/2023\/07\/MCA-Zimski-vrt-3D-Kontura-35-300x201.jpg\" alt=\"MCA 3D izris\">\n\t\t\t\t\t\t<\/div>\n\n\t\t\t\t\t\t\t\t\t\t\t\t\t<div class=\"oew-gallery-overlay oew-gallery-transition-fade\">\n\t\t\t\t\t\t\t\t\t\t\t\t\t\t\t<\/div>\n\t\t\t\t\t\t\t\t\t\t\t\t<\/a>\n\t\t\t\t<\/div>\n\n\t\t\t\t\n\t\t\t\t<div class=\"oew-gallery-item\">\n\t\t\t\t\t<a class=\"oew-gallery-item-inner no-lightbox\" href=\"https:\/\/en.mca-zimskivrt.si\/wp-content\/uploads\/2023\/07\/MCA-Zimski-vrt-3D-Kontura-38.jpg\" data-width=\"1024\" data-height=\"685\" data-elementor-open-lightbox=\"no\">\n\t\t\t\t\t\t<div class=\"oew-gallery-thumbnail\">\n\t\t\t\t\t\t\t<img decoding=\"async\" src=\"https:\/\/en.mca-zimskivrt.si\/wp-content\/uploads\/2023\/07\/MCA-Zimski-vrt-3D-Kontura-38-300x201.jpg\" alt=\"MCA 3D izris\">\n\t\t\t\t\t\t<\/div>\n\n\t\t\t\t\t\t\t\t\t\t\t\t\t<div class=\"oew-gallery-overlay oew-gallery-transition-fade\">\n\t\t\t\t\t\t\t\t\t\t\t\t\t\t\t<\/div>\n\t\t\t\t\t\t\t\t\t\t\t\t<\/a>\n\t\t\t\t<\/div>\n\n\t\t\t\t\n\t\t\t\t<div class=\"oew-gallery-item\">\n\t\t\t\t\t<a class=\"oew-gallery-item-inner no-lightbox\" href=\"https:\/\/en.mca-zimskivrt.si\/wp-content\/uploads\/2023\/07\/MCA-Zimski-vrt-3D-Kontura-45-1.jpg\" data-width=\"1024\" data-height=\"685\" data-elementor-open-lightbox=\"no\">\n\t\t\t\t\t\t<div class=\"oew-gallery-thumbnail\">\n\t\t\t\t\t\t\t<img decoding=\"async\" src=\"https:\/\/en.mca-zimskivrt.si\/wp-content\/uploads\/2023\/07\/MCA-Zimski-vrt-3D-Kontura-45-1-300x201.jpg\" alt=\"MCA 3D izris\">\n\t\t\t\t\t\t<\/div>\n\n\t\t\t\t\t\t\t\t\t\t\t\t\t<div class=\"oew-gallery-overlay oew-gallery-transition-fade\">\n\t\t\t\t\t\t\t\t\t\t\t\t\t\t\t<\/div>\n\t\t\t\t\t\t\t\t\t\t\t\t<\/a>\n\t\t\t\t<\/div>\n\n\t\t\t\t\n\t\t\t\t<div class=\"oew-gallery-item\">\n\t\t\t\t\t<a class=\"oew-gallery-item-inner no-lightbox\" href=\"https:\/\/en.mca-zimskivrt.si\/wp-content\/uploads\/2023\/07\/MCA-Zimski-vrt-3D-Kontura-46.jpg\" data-width=\"1024\" data-height=\"685\" data-elementor-open-lightbox=\"no\">\n\t\t\t\t\t\t<div class=\"oew-gallery-thumbnail\">\n\t\t\t\t\t\t\t<img decoding=\"async\" src=\"https:\/\/en.mca-zimskivrt.si\/wp-content\/uploads\/2023\/07\/MCA-Zimski-vrt-3D-Kontura-46-300x201.jpg\" alt=\"MCA 3D izris\">\n\t\t\t\t\t\t<\/div>\n\n\t\t\t\t\t\t\t\t\t\t\t\t\t<div class=\"oew-gallery-overlay oew-gallery-transition-fade\">\n\t\t\t\t\t\t\t\t\t\t\t\t\t\t\t<\/div>\n\t\t\t\t\t\t\t\t\t\t\t\t<\/a>\n\t\t\t\t<\/div>\n\n\t\t\t\t\n\t\t\t\t<div class=\"oew-gallery-item\">\n\t\t\t\t\t<a class=\"oew-gallery-item-inner no-lightbox\" href=\"https:\/\/en.mca-zimskivrt.si\/wp-content\/uploads\/2023\/07\/z.jpg\" data-width=\"1024\" data-height=\"685\" data-elementor-open-lightbox=\"no\">\n\t\t\t\t\t\t<div class=\"oew-gallery-thumbnail\">\n\t\t\t\t\t\t\t<img decoding=\"async\" src=\"https:\/\/en.mca-zimskivrt.si\/wp-content\/uploads\/2023\/07\/z-300x201.jpg\" alt=\"MCA 3D izris\">\n\t\t\t\t\t\t<\/div>\n\n\t\t\t\t\t\t\t\t\t\t\t\t\t<div class=\"oew-gallery-overlay oew-gallery-transition-fade\">\n\t\t\t\t\t\t\t\t\t\t\t\t\t\t\t<\/div>\n\t\t\t\t\t\t\t\t\t\t\t\t<\/a>\n\t\t\t\t<\/div>\n\n\t\t\t\t\t\t<\/div>\n\n\t\t\t\t<\/div>\n\t\t\t\t<\/div>\n\t\t\t\t\t<\/div>\n\t\t<\/div>\n\t\t\t\t\t<\/div>\n\t\t<\/section>\n\t\t\t\t<\/div>","protected":false},"excerpt":{"rendered":"<p>FREE 3D DRAWING Planning a winter garden Each of us has the desire to have our own &#8220;winter garden&#8221;. A space where there will be enough light and a wonderful view of the surroundings. With our winter garden, which are a synergy of technical solutions, quality materials and precise assembly, your wishes will come true. [&hellip;]<\/p>","protected":false},"author":5,"featured_media":0,"parent":0,"menu_order":0,"comment_status":"closed","ping_status":"closed","template":"","meta":{"_seopress_robots_primary_cat":"","_seopress_titles_title":"Brezpla\u010den 3D izris","_seopress_titles_desc":"","_seopress_robots_index":"","ocean_post_layout":"","ocean_both_sidebars_style":"","ocean_both_sidebars_content_width":0,"ocean_both_sidebars_sidebars_width":0,"ocean_sidebar":"0","ocean_second_sidebar":"0","ocean_disable_margins":"enable","ocean_add_body_class":"","ocean_shortcode_before_top_bar":"","ocean_shortcode_after_top_bar":"","ocean_shortcode_before_header":"","ocean_shortcode_after_header":"","ocean_has_shortcode":"","ocean_shortcode_after_title":"","ocean_shortcode_before_footer_widgets":"","ocean_shortcode_after_footer_widgets":"","ocean_shortcode_before_footer_bottom":"","ocean_shortcode_after_footer_bottom":"","ocean_display_top_bar":"default","ocean_display_header":"default","ocean_header_style":"","ocean_center_header_left_menu":"0","ocean_custom_header_template":"0","ocean_custom_logo":0,"ocean_custom_retina_logo":0,"ocean_custom_logo_max_width":0,"ocean_custom_logo_tablet_max_width":0,"ocean_custom_logo_mobile_max_width":0,"ocean_custom_logo_max_height":0,"ocean_custom_logo_tablet_max_height":0,"ocean_custom_logo_mobile_max_height":0,"ocean_header_custom_menu":"0","ocean_menu_typo_font_family":"0","ocean_menu_typo_font_subset":"","ocean_menu_typo_font_size":0,"ocean_menu_typo_font_size_tablet":0,"ocean_menu_typo_font_size_mobile":0,"ocean_menu_typo_font_size_unit":"px","ocean_menu_typo_font_weight":"","ocean_menu_typo_font_weight_tablet":"","ocean_menu_typo_font_weight_mobile":"","ocean_menu_typo_transform":"","ocean_menu_typo_transform_tablet":"","ocean_menu_typo_transform_mobile":"","ocean_menu_typo_line_height":0,"ocean_menu_typo_line_height_tablet":0,"ocean_menu_typo_line_height_mobile":0,"ocean_menu_typo_line_height_unit":"","ocean_menu_typo_spacing":0,"ocean_menu_typo_spacing_tablet":0,"ocean_menu_typo_spacing_mobile":0,"ocean_menu_typo_spacing_unit":"","ocean_menu_link_color":"","ocean_menu_link_color_hover":"","ocean_menu_link_color_active":"","ocean_menu_link_background":"","ocean_menu_link_hover_background":"","ocean_menu_link_active_background":"","ocean_menu_social_links_bg":"","ocean_menu_social_hover_links_bg":"","ocean_menu_social_links_color":"","ocean_menu_social_hover_links_color":"","ocean_disable_title":"on","ocean_disable_heading":"default","ocean_post_title":"","ocean_post_subheading":"","ocean_post_title_style":"","ocean_post_title_background_color":"","ocean_post_title_background":0,"ocean_post_title_bg_image_position":"","ocean_post_title_bg_image_attachment":"","ocean_post_title_bg_image_repeat":"","ocean_post_title_bg_image_size":"","ocean_post_title_height":0,"ocean_post_title_bg_overlay":0.5,"ocean_post_title_bg_overlay_color":"","ocean_disable_breadcrumbs":"default","ocean_breadcrumbs_color":"","ocean_breadcrumbs_separator_color":"","ocean_breadcrumbs_links_color":"","ocean_breadcrumbs_links_hover_color":"","ocean_display_footer_widgets":"default","ocean_display_footer_bottom":"default","ocean_custom_footer_template":"0","osh_disable_topbar_sticky":"default","osh_disable_header_sticky":"default","osh_sticky_header_style":"default","osh_sticky_header_effect":"","osh_custom_sticky_logo":0,"osh_custom_retina_sticky_logo":0,"osh_custom_sticky_logo_height":0,"osh_background_color":"","osh_links_color":"","osh_links_hover_color":"","osh_links_active_color":"","osh_links_bg_color":"","osh_links_hover_bg_color":"","osh_links_active_bg_color":"","osh_menu_social_links_color":"","osh_menu_social_hover_links_color":""},"_links":{"self":[{"href":"https:\/\/en.mca-zimskivrt.si\/it\/wp-json\/wp\/v2\/pages\/1735"}],"collection":[{"href":"https:\/\/en.mca-zimskivrt.si\/it\/wp-json\/wp\/v2\/pages"}],"about":[{"href":"https:\/\/en.mca-zimskivrt.si\/it\/wp-json\/wp\/v2\/types\/page"}],"author":[{"embeddable":true,"href":"https:\/\/en.mca-zimskivrt.si\/it\/wp-json\/wp\/v2\/users\/5"}],"replies":[{"embeddable":true,"href":"https:\/\/en.mca-zimskivrt.si\/it\/wp-json\/wp\/v2\/comments?post=1735"}],"version-history":[{"count":31,"href":"https:\/\/en.mca-zimskivrt.si\/it\/wp-json\/wp\/v2\/pages\/1735\/revisions"}],"predecessor-version":[{"id":2572,"href":"https:\/\/en.mca-zimskivrt.si\/it\/wp-json\/wp\/v2\/pages\/1735\/revisions\/2572"}],"wp:attachment":[{"href":"https:\/\/en.mca-zimskivrt.si\/it\/wp-json\/wp\/v2\/media?parent=1735"}],"curies":[{"name":"wp","href":"https:\/\/api.w.org\/{rel}","templated":true}]}}