{"id":1497,"date":"2023-06-06T14:20:52","date_gmt":"2023-06-06T14:20:52","guid":{"rendered":"https:\/\/en.mca-zimskivrt.si\/?page_id=1497"},"modified":"2023-10-11T13:39:58","modified_gmt":"2023-10-11T13:39:58","slug":"polji-povprasevanje","status":"publish","type":"page","link":"https:\/\/en.mca-zimskivrt.si\/it\/polji-povprasevanje\/","title":{"rendered":"Invia la richiesta"},"content":{"rendered":"<div data-elementor-type=\"wp-page\" data-elementor-id=\"1497\" class=\"elementor elementor-1497\" data-elementor-post-type=\"page\">\n\t\t\t\t\t\t<section class=\"elementor-section elementor-top-section elementor-element elementor-element-6f5f311 elementor-section-boxed elementor-section-height-default elementor-section-height-default\" data-id=\"6f5f311\" data-element_type=\"section\">\n\t\t\t\t\t\t<div class=\"elementor-container elementor-column-gap-default\">\n\t\t\t\t\t<div class=\"elementor-column elementor-col-100 elementor-top-column elementor-element elementor-element-a987f7b\" data-id=\"a987f7b\" data-element_type=\"column\">\n\t\t\t<div class=\"elementor-widget-wrap elementor-element-populated\">\n\t\t\t\t\t\t<div class=\"elementor-element elementor-element-86e01e7 elementor-widget elementor-widget-heading\" data-id=\"86e01e7\" data-element_type=\"widget\" data-widget_type=\"heading.default\">\n\t\t\t\t<div class=\"elementor-widget-container\">\n\t\t\t<h2 class=\"elementor-heading-title elementor-size-default\">PO\u0160LJI POVPRA\u0160EVANJE<\/h2>\t\t<\/div>\n\t\t\t\t<\/div>\n\t\t\t\t<div class=\"elementor-element elementor-element-0659d8e elementor-widget-divider--view-line elementor-widget elementor-widget-divider\" data-id=\"0659d8e\" data-element_type=\"widget\" data-widget_type=\"divider.default\">\n\t\t\t\t<div class=\"elementor-widget-container\">\n\t\t\t\t\t<div class=\"elementor-divider\">\n\t\t\t<span class=\"elementor-divider-separator\">\n\t\t\t\t\t\t<\/span>\n\t\t<\/div>\n\t\t\t\t<\/div>\n\t\t\t\t<\/div>\n\t\t\t\t<div class=\"elementor-element elementor-element-81f7ce9 elementor-widget elementor-widget-oew-wpforms\" data-id=\"81f7ce9\" data-element_type=\"widget\" data-widget_type=\"oew-wpforms.default\">\n\t\t\t\t<div class=\"elementor-widget-container\">\n\t\t\t<div class=\"wpforms-container wpforms-container-full\" id=\"wpforms-784\"><form id=\"wpforms-form-784\" class=\"wpforms-validate wpforms-form\" data-formid=\"784\" method=\"post\" enctype=\"multipart\/form-data\" action=\"\/it\/wp-json\/wp\/v2\/pages\/1497\" data-token=\"f535a23da9ab93d0658881f219de21e5\" data-trp-original-action=\"\/it\/wp-json\/wp\/v2\/pages\/1497\"><noscript class=\"wpforms-error-noscript\">Abilita JavaScript nel browser per completare questo modulo.<\/noscript><div class=\"wpforms-field-container\"><div id=\"wpforms-784-field_0-container\" class=\"wpforms-field wpforms-field-name\" data-field-id=\"0\"><label class=\"wpforms-field-label\" for=\"wpforms-784-field_0\">NOME E COGNOME <span class=\"wpforms-required-label\">*<\/span><\/label><input type=\"text\" id=\"wpforms-784-field_0\" class=\"wpforms-field-large wpforms-field-required\" name=\"wpforms[fields][0]\" required><div class=\"wpforms-field-description\">nome e cognome<\/div><\/div><div id=\"wpforms-784-field_3-container\" class=\"wpforms-field wpforms-field-name\" data-field-id=\"3\"><label class=\"wpforms-field-label\" for=\"wpforms-784-field_3\">NOME DELLA SOCIET\u00c0<\/label><input type=\"text\" id=\"wpforms-784-field_3\" class=\"wpforms-field-large\" name=\"wpforms[fields][3]\" ><div class=\"wpforms-field-description\">ime podjetja (ni obvezno)<\/div><\/div><div id=\"wpforms-784-field_4-container\" class=\"wpforms-field wpforms-field-name\" data-field-id=\"4\"><label class=\"wpforms-field-label\" for=\"wpforms-784-field_4\">NUMERO IDENTIFICATIVO DELL'AZIENDA<\/label><input type=\"text\" id=\"wpforms-784-field_4\" class=\"wpforms-field-large\" name=\"wpforms[fields][4]\" ><div class=\"wpforms-field-description\">numero identificativo dell'azienda (facoltativo)<\/div><\/div><div id=\"wpforms-784-field_5-container\" class=\"wpforms-field wpforms-field-email\" data-field-id=\"5\"><label class=\"wpforms-field-label\" for=\"wpforms-784-field_5\">NUMERO DI TELEFONO<\/label><input type=\"email\" id=\"wpforms-784-field_5\" class=\"wpforms-field-large\" name=\"wpforms[fields][5]\" ><div class=\"wpforms-field-description\">Numero di telefono<\/div><\/div><div id=\"wpforms-784-field_1-container\" class=\"wpforms-field wpforms-field-email\" data-field-id=\"1\"><label class=\"wpforms-field-label\" for=\"wpforms-784-field_1\">INDIRIZZO EMAIL<\/label><input type=\"email\" id=\"wpforms-784-field_1\" class=\"wpforms-field-large\" name=\"wpforms[fields][1]\" ><div class=\"wpforms-field-description\">indirizzo e-mail<\/div><\/div><div id=\"wpforms-784-field_2-container\" class=\"wpforms-field wpforms-field-textarea\" data-field-id=\"2\"><label class=\"wpforms-field-label\" for=\"wpforms-784-field_2\">MESSAGGIO<\/label><textarea id=\"wpforms-784-field_2\" class=\"wpforms-field-medium\" name=\"wpforms[fields][2]\" ><\/textarea><div class=\"wpforms-field-description\">aggiungere un messaggio<\/div><\/div><\/div><div class=\"wpforms-field wpforms-field-hp\"><label for=\"wpforms-784-field-hp\" class=\"wpforms-field-label\">Email<\/label><input type=\"text\" name=\"wpforms[hp]\" id=\"wpforms-784-field-hp\" class=\"wpforms-field-medium\"><\/div><input type=\"hidden\" name=\"wpforms[recaptcha]\" value=\"\"><div class=\"wpforms-submit-container\" ><input type=\"hidden\" name=\"wpforms[id]\" value=\"784\"><input type=\"hidden\" name=\"wpforms[author]\" value=\"5\"><button type=\"submit\" name=\"wpforms[submit]\" class=\"wpforms-submit\" id=\"wpforms-submit-784\" value=\"wpforms-submit\" aria-live=\"assertive\" data-alt-text=\"SENDING\" data-submit-text=\"SEND\">INVIO<\/button><\/div><input type=\"hidden\" name=\"trp-form-language\" value=\"it\"\/><\/form><\/div>  <!-- .wpforms-container -->\t\t<\/div>\n\t\t\t\t<\/div>\n\t\t\t\t<div class=\"elementor-element elementor-element-4d3f991 elementor-widget elementor-widget-spacer\" data-id=\"4d3f991\" data-element_type=\"widget\" data-widget_type=\"spacer.default\">\n\t\t\t\t<div class=\"elementor-widget-container\">\n\t\t\t\t\t<div class=\"elementor-spacer\">\n\t\t\t<div class=\"elementor-spacer-inner\"><\/div>\n\t\t<\/div>\n\t\t\t\t<\/div>\n\t\t\t\t<\/div>\n\t\t\t\t\t<\/div>\n\t\t<\/div>\n\t\t\t\t\t<\/div>\n\t\t<\/section>\n\t\t\t\t<\/div>","protected":false},"excerpt":{"rendered":"<p>PO\u0160LJI POVPRA\u0160EVANJE Please enable JavaScript in your browser to complete this form.IME IN PRIIMEK *ime in priimekIME PODJETJAime podjetja (ni obvezno)DAV\u010cNA \u0160TEVILKA PODJETJAdav\u010dna \u0161tevilka podjetja (ni obvezna)TELEFONSKA \u0160TEVILKAtelefonska \u0161tevilkaE-NASLOVelektronski naslovSPORO\u010cILOdodajte sporo\u010diloNamePO\u0160LJI<\/p>","protected":false},"author":5,"featured_media":0,"parent":0,"menu_order":0,"comment_status":"closed","ping_status":"closed","template":"","meta":{"_seopress_robots_primary_cat":"","_seopress_titles_title":"Send inquiry","_seopress_titles_desc":"Send inquiry","_seopress_robots_index":"","ocean_post_layout":"","ocean_both_sidebars_style":"","ocean_both_sidebars_content_width":0,"ocean_both_sidebars_sidebars_width":0,"ocean_sidebar":"0","ocean_second_sidebar":"0","ocean_disable_margins":"enable","ocean_add_body_class":"","ocean_shortcode_before_top_bar":"","ocean_shortcode_after_top_bar":"","ocean_shortcode_before_header":"","ocean_shortcode_after_header":"","ocean_has_shortcode":"","ocean_shortcode_after_title":"","ocean_shortcode_before_footer_widgets":"","ocean_shortcode_after_footer_widgets":"","ocean_shortcode_before_footer_bottom":"","ocean_shortcode_after_footer_bottom":"","ocean_display_top_bar":"default","ocean_display_header":"default","ocean_header_style":"","ocean_center_header_left_menu":"0","ocean_custom_header_template":"0","ocean_custom_logo":0,"ocean_custom_retina_logo":0,"ocean_custom_logo_max_width":0,"ocean_custom_logo_tablet_max_width":0,"ocean_custom_logo_mobile_max_width":0,"ocean_custom_logo_max_height":0,"ocean_custom_logo_tablet_max_height":0,"ocean_custom_logo_mobile_max_height":0,"ocean_header_custom_menu":"0","ocean_menu_typo_font_family":"0","ocean_menu_typo_font_subset":"","ocean_menu_typo_font_size":0,"ocean_menu_typo_font_size_tablet":0,"ocean_menu_typo_font_size_mobile":0,"ocean_menu_typo_font_size_unit":"px","ocean_menu_typo_font_weight":"","ocean_menu_typo_font_weight_tablet":"","ocean_menu_typo_font_weight_mobile":"","ocean_menu_typo_transform":"","ocean_menu_typo_transform_tablet":"","ocean_menu_typo_transform_mobile":"","ocean_menu_typo_line_height":0,"ocean_menu_typo_line_height_tablet":0,"ocean_menu_typo_line_height_mobile":0,"ocean_menu_typo_line_height_unit":"","ocean_menu_typo_spacing":0,"ocean_menu_typo_spacing_tablet":0,"ocean_menu_typo_spacing_mobile":0,"ocean_menu_typo_spacing_unit":"","ocean_menu_link_color":"","ocean_menu_link_color_hover":"","ocean_menu_link_color_active":"","ocean_menu_link_background":"","ocean_menu_link_hover_background":"","ocean_menu_link_active_background":"","ocean_menu_social_links_bg":"","ocean_menu_social_hover_links_bg":"","ocean_menu_social_links_color":"","ocean_menu_social_hover_links_color":"","ocean_disable_title":"on","ocean_disable_heading":"default","ocean_post_title":"","ocean_post_subheading":"","ocean_post_title_style":"","ocean_post_title_background_color":"","ocean_post_title_background":0,"ocean_post_title_bg_image_position":"","ocean_post_title_bg_image_attachment":"","ocean_post_title_bg_image_repeat":"","ocean_post_title_bg_image_size":"","ocean_post_title_height":0,"ocean_post_title_bg_overlay":0.5,"ocean_post_title_bg_overlay_color":"","ocean_disable_breadcrumbs":"default","ocean_breadcrumbs_color":"","ocean_breadcrumbs_separator_color":"","ocean_breadcrumbs_links_color":"","ocean_breadcrumbs_links_hover_color":"","ocean_display_footer_widgets":"default","ocean_display_footer_bottom":"default","ocean_custom_footer_template":"0","osh_disable_topbar_sticky":"default","osh_disable_header_sticky":"default","osh_sticky_header_style":"default","osh_sticky_header_effect":"","osh_custom_sticky_logo":0,"osh_custom_retina_sticky_logo":0,"osh_custom_sticky_logo_height":0,"osh_background_color":"","osh_links_color":"","osh_links_hover_color":"","osh_links_active_color":"","osh_links_bg_color":"","osh_links_hover_bg_color":"","osh_links_active_bg_color":"","osh_menu_social_links_color":"","osh_menu_social_hover_links_color":""},"_links":{"self":[{"href":"https:\/\/en.mca-zimskivrt.si\/it\/wp-json\/wp\/v2\/pages\/1497"}],"collection":[{"href":"https:\/\/en.mca-zimskivrt.si\/it\/wp-json\/wp\/v2\/pages"}],"about":[{"href":"https:\/\/en.mca-zimskivrt.si\/it\/wp-json\/wp\/v2\/types\/page"}],"author":[{"embeddable":true,"href":"https:\/\/en.mca-zimskivrt.si\/it\/wp-json\/wp\/v2\/users\/5"}],"replies":[{"embeddable":true,"href":"https:\/\/en.mca-zimskivrt.si\/it\/wp-json\/wp\/v2\/comments?post=1497"}],"version-history":[{"count":23,"href":"https:\/\/en.mca-zimskivrt.si\/it\/wp-json\/wp\/v2\/pages\/1497\/revisions"}],"predecessor-version":[{"id":2576,"href":"https:\/\/en.mca-zimskivrt.si\/it\/wp-json\/wp\/v2\/pages\/1497\/revisions\/2576"}],"wp:attachment":[{"href":"https:\/\/en.mca-zimskivrt.si\/it\/wp-json\/wp\/v2\/media?parent=1497"}],"curies":[{"name":"wp","href":"https:\/\/api.w.org\/{rel}","templated":true}]}}