{"id":1735,"date":"2023-07-06T08:55:21","date_gmt":"2023-07-06T08:55:21","guid":{"rendered":"https:\/\/en.mca-zimskivrt.si\/?page_id=1735"},"modified":"2023-10-11T13:33:15","modified_gmt":"2023-10-11T13:33:15","slug":"brezplacen-3d-izri","status":"publish","type":"page","link":"https:\/\/en.mca-zimskivrt.si\/fr\/brezplacen-3d-izri\/","title":{"rendered":"Rendu 3D gratuit"},"content":{"rendered":"<div data-elementor-type=\"wp-page\" data-elementor-id=\"1735\" class=\"elementor elementor-1735\" data-elementor-post-type=\"page\">\n\t\t\t\t\t\t<section class=\"elementor-section elementor-top-section elementor-element elementor-element-0cbffd3 elementor-section-boxed elementor-section-height-default elementor-section-height-default\" data-id=\"0cbffd3\" data-element_type=\"section\">\n\t\t\t\t\t\t<div class=\"elementor-container elementor-column-gap-default\">\n\t\t\t\t\t<div class=\"elementor-column elementor-col-100 elementor-top-column elementor-element elementor-element-031bc15\" data-id=\"031bc15\" data-element_type=\"column\">\n\t\t\t<div class=\"elementor-widget-wrap elementor-element-populated\">\n\t\t\t\t\t\t<div class=\"elementor-element elementor-element-11c17df elementor-widget elementor-widget-heading\" data-id=\"11c17df\" data-element_type=\"widget\" data-widget_type=\"heading.default\">\n\t\t\t\t<div class=\"elementor-widget-container\">\n\t\t\t<h2 class=\"elementor-heading-title elementor-size-default\">DESSIN 3D GRATUIT<\/h2>\t\t<\/div>\n\t\t\t\t<\/div>\n\t\t\t\t<div class=\"elementor-element elementor-element-5a857ae elementor-widget elementor-widget-spacer\" data-id=\"5a857ae\" data-element_type=\"widget\" data-widget_type=\"spacer.default\">\n\t\t\t\t<div class=\"elementor-widget-container\">\n\t\t\t\t\t<div class=\"elementor-spacer\">\n\t\t\t<div class=\"elementor-spacer-inner\"><\/div>\n\t\t<\/div>\n\t\t\t\t<\/div>\n\t\t\t\t<\/div>\n\t\t\t\t<div class=\"elementor-element elementor-element-138aeb6 elementor-widget elementor-widget-heading\" data-id=\"138aeb6\" data-element_type=\"widget\" data-widget_type=\"heading.default\">\n\t\t\t\t<div class=\"elementor-widget-container\">\n\t\t\t<h2 class=\"elementor-heading-title elementor-size-default\">Planifier un jardin d'hiver<\/h2>\t\t<\/div>\n\t\t\t\t<\/div>\n\t\t\t\t<div class=\"elementor-element elementor-element-b237aa5 elementor-widget elementor-widget-text-editor\" data-id=\"b237aa5\" data-element_type=\"widget\" data-widget_type=\"text-editor.default\">\n\t\t\t\t<div class=\"elementor-widget-container\">\n\t\t\t\t\t\t\t<p>Chacun d'entre nous a le d\u00e9sir d'avoir son propre \"jardin d'hiver\". Un espace o\u00f9 il y aurait suffisamment de lumi\u00e8re et une vue magnifique sur les environs. Avec nos jardins d'hiver, qui sont une synergie de solutions techniques, de mat\u00e9riaux de qualit\u00e9 et d'un assemblage pr\u00e9cis, vos souhaits deviendront r\u00e9alit\u00e9.<\/p><p>Tout d'abord, vous devez vous demander pourquoi vous avez besoin d'un jardin d'hiver. Nous choisissons g\u00e9n\u00e9ralement un jardin d'hiver parce que nous avons besoin d'un espace o\u00f9 nous pourrons trouver le calme et la tranquillit\u00e9 dont nous avons tant besoin pour nous reposer et nous d\u00e9tendre. Cependant, le choix d'un jardin d'hiver peut \u00eatre motiv\u00e9 par le besoin d'un espace suppl\u00e9mentaire, et le moyen le plus simple et le plus rapide de r\u00e9soudre ce probl\u00e8me est d'am\u00e9nager un jardin d'hiver.<\/p><p>Lorsque l'id\u00e9e d'un jardin d'hiver m\u00fbrit en nous, c'est au tour des experts de nous aider sur le chemin de la construction finale du jardin d'hiver. Le point de d\u00e9part le plus important pour la cr\u00e9ation d'un jardin d'hiver est que le jardin d'hiver devienne un ornement du b\u00e2timent existant.<br \/>Nos experts ont de nombreuses ann\u00e9es d'exp\u00e9rience dans la planification et la construction de jardins d'hiver et se feront un plaisir de vous conseiller. S'il s'agit d'une intervention majeure dans le b\u00e2timent, l'architecte doit imp\u00e9rativement \u00eatre pr\u00e9sent.<\/p>\t\t\t\t\t\t<\/div>\n\t\t\t\t<\/div>\n\t\t\t\t\t<\/div>\n\t\t<\/div>\n\t\t\t\t\t<\/div>\n\t\t<\/section>\n\t\t\t\t<section class=\"elementor-section elementor-top-section elementor-element elementor-element-7a10ab1 elementor-section-boxed elementor-section-height-default elementor-section-height-default\" data-id=\"7a10ab1\" data-element_type=\"section\">\n\t\t\t\t\t\t<div class=\"elementor-container elementor-column-gap-default\">\n\t\t\t\t\t<div class=\"elementor-column elementor-col-100 elementor-top-column elementor-element elementor-element-71dbfdd\" data-id=\"71dbfdd\" data-element_type=\"column\">\n\t\t\t<div class=\"elementor-widget-wrap elementor-element-populated\">\n\t\t\t\t\t\t<div class=\"elementor-element elementor-element-7ce64c8 elementor-widget elementor-widget-spacer\" data-id=\"7ce64c8\" data-element_type=\"widget\" data-widget_type=\"spacer.default\">\n\t\t\t\t<div class=\"elementor-widget-container\">\n\t\t\t\t\t<div class=\"elementor-spacer\">\n\t\t\t<div class=\"elementor-spacer-inner\"><\/div>\n\t\t<\/div>\n\t\t\t\t<\/div>\n\t\t\t\t<\/div>\n\t\t\t\t<div class=\"elementor-element elementor-element-4a93f28 elementor-widget elementor-widget-heading\" data-id=\"4a93f28\" data-element_type=\"widget\" data-widget_type=\"heading.default\">\n\t\t\t\t<div class=\"elementor-widget-container\">\n\t\t\t<h2 class=\"elementor-heading-title elementor-size-default\">Quels mat\u00e9riaux utiliser ?<\/h2>\t\t<\/div>\n\t\t\t\t<\/div>\n\t\t\t\t<div class=\"elementor-element elementor-element-5f484d7 elementor-widget elementor-widget-text-editor\" data-id=\"5f484d7\" data-element_type=\"widget\" data-widget_type=\"text-editor.default\">\n\t\t\t\t<div class=\"elementor-widget-container\">\n\t\t\t\t\t\t\t<p>Nous devons prendre notre d\u00e9cision apr\u00e8s avoir consult\u00e9 un expert, qui nous fournira des informations pr\u00e9cises sur les avantages et les inconv\u00e9nients de chaque type de jardin. Les jardins d'hiver sont tr\u00e8s diff\u00e9rents les uns des autres et sont des produits uniques pour chaque client. Il est n\u00e9cessaire de tenir compte des souhaits de l'acheteur, du but de l'utilisation du jardin d'hiver, de son emplacement...<\/p><p>Nos jardins d'hiver sont fabriqu\u00e9s en PVC, ce qui permet d'obtenir une meilleure isolation thermique. La construction en acier galvanis\u00e9, qui constitue la base de chaque jardin d'hiver, garantit la capacit\u00e9 de charge. La structure porteuse doit \u00eatre suffisamment solide pour supporter toutes les charges possibles. Nos experts s'en chargent et calculent avec pr\u00e9cision les dimensions n\u00e9cessaires.<\/p><p>Un autre \u00e9l\u00e9ment tr\u00e8s important est le verre et les profil\u00e9s en PVC, qui doivent nous offrir la meilleure isolation thermique possible.<\/p><p>Le verre de toit est compos\u00e9 d'un verre TEMPERED de 8 mm (en haut), d'un espaceur de 16 mm et d'un verre GLUE 4 + 4 (en bas). Il s'agit d'un verre de base qui peut \u00eatre compl\u00e9t\u00e9 par un verre r\u00e9fl\u00e9chissant ou un verre \u00e0 trois couches.<\/p><p>Le verre mural est g\u00e9n\u00e9ralement de 4 -16 - 4 ; si on le souhaite, on peut utiliser un verre \u00e0 triple couche ou plus insonorisant.<\/p>\t\t\t\t\t\t<\/div>\n\t\t\t\t<\/div>\n\t\t\t\t\t<\/div>\n\t\t<\/div>\n\t\t\t\t\t<\/div>\n\t\t<\/section>\n\t\t\t\t<section class=\"elementor-section elementor-top-section elementor-element elementor-element-a1d75e7 elementor-section-boxed elementor-section-height-default elementor-section-height-default\" data-id=\"a1d75e7\" data-element_type=\"section\">\n\t\t\t\t\t\t<div class=\"elementor-container elementor-column-gap-default\">\n\t\t\t\t\t<div class=\"elementor-column elementor-col-100 elementor-top-column elementor-element elementor-element-318d722\" data-id=\"318d722\" data-element_type=\"column\">\n\t\t\t<div class=\"elementor-widget-wrap elementor-element-populated\">\n\t\t\t\t\t\t<div class=\"elementor-element elementor-element-85ab602 elementor-widget elementor-widget-spacer\" data-id=\"85ab602\" data-element_type=\"widget\" data-widget_type=\"spacer.default\">\n\t\t\t\t<div class=\"elementor-widget-container\">\n\t\t\t\t\t<div class=\"elementor-spacer\">\n\t\t\t<div class=\"elementor-spacer-inner\"><\/div>\n\t\t<\/div>\n\t\t\t\t<\/div>\n\t\t\t\t<\/div>\n\t\t\t\t<div class=\"elementor-element elementor-element-0825bb7 elementor-widget elementor-widget-heading\" data-id=\"0825bb7\" data-element_type=\"widget\" data-widget_type=\"heading.default\">\n\t\t\t\t<div class=\"elementor-widget-container\">\n\t\t\t<h2 class=\"elementor-heading-title elementor-size-default\">Que faut-il savoir sur la ventilation, le chauffage et le refroidissement des jardins d'hiver ?<\/h2>\t\t<\/div>\n\t\t\t\t<\/div>\n\t\t\t\t<div class=\"elementor-element elementor-element-47a543c elementor-widget elementor-widget-text-editor\" data-id=\"47a543c\" data-element_type=\"widget\" data-widget_type=\"text-editor.default\">\n\t\t\t\t<div class=\"elementor-widget-container\">\n\t\t\t\t\t\t\t<p>Tout d'abord, il est n\u00e9cessaire d'assurer une ventilation naturelle en ouvrant correctement les fen\u00eatres et les portes. En fonction de la taille et de l'emplacement du jardin d'hiver, les m\u00e9thodes d'ouverture optimales sont d\u00e9termin\u00e9es (fen\u00eatres classiques, fen\u00eatres et portes coulissantes, portes en accord\u00e9on...).<\/p><p>Le jardin d'hiver est un endroit qui doit \u00eatre utilis\u00e9 tout au long de l'ann\u00e9e, c'est pourquoi nous devons veiller \u00e0 ce qu'il soit bien chauff\u00e9 \u00e0 temps. La meilleure solution consiste \u00e0 combiner le chauffage par le sol et le chauffage conventionnel.<\/p><p>Le rafra\u00eechissement du jardin d'hiver pendant les mois d'\u00e9t\u00e9 est assur\u00e9 par des dispositifs d'ombrage (store de toit, toit pliss\u00e9 - m\u00e9tallis\u00e9, stores ext\u00e9rieurs et stores \u00e0 moustiquaire, stores int\u00e9rieurs...).<br \/>Pour les p\u00e9riodes transitoires, la meilleure solution est un climatiseur combinant le refroidissement et le chauffage.<\/p>\t\t\t\t\t\t<\/div>\n\t\t\t\t<\/div>\n\t\t\t\t<div class=\"elementor-element elementor-element-a0ad9aa elementor-widget elementor-widget-spacer\" data-id=\"a0ad9aa\" data-element_type=\"widget\" data-widget_type=\"spacer.default\">\n\t\t\t\t<div class=\"elementor-widget-container\">\n\t\t\t\t\t<div class=\"elementor-spacer\">\n\t\t\t<div class=\"elementor-spacer-inner\"><\/div>\n\t\t<\/div>\n\t\t\t\t<\/div>\n\t\t\t\t<\/div>\n\t\t\t\t\t<\/div>\n\t\t<\/div>\n\t\t\t\t\t<\/div>\n\t\t<\/section>\n\t\t\t\t<section class=\"elementor-section elementor-top-section elementor-element elementor-element-ccbd155 elementor-section-boxed elementor-section-height-default elementor-section-height-default\" data-id=\"ccbd155\" data-element_type=\"section\">\n\t\t\t\t\t\t<div class=\"elementor-container elementor-column-gap-default\">\n\t\t\t\t\t<div class=\"elementor-column elementor-col-100 elementor-top-column elementor-element elementor-element-332fec1\" data-id=\"332fec1\" data-element_type=\"column\">\n\t\t\t<div class=\"elementor-widget-wrap elementor-element-populated\">\n\t\t\t\t\t\t<div class=\"elementor-element elementor-element-ccae970 elementor-widget elementor-widget-oew-image-gallery\" data-id=\"ccae970\" data-element_type=\"widget\" data-widget_type=\"oew-image-gallery.default\">\n\t\t\t\t<div class=\"elementor-widget-container\">\n\t\t\t\n\t\t<div class=\"oew-image-gallery oew-has-lightbox\">\n\t\t\t\n\t\t\t\t<div class=\"oew-gallery-item\">\n\t\t\t\t\t<a class=\"oew-gallery-item-inner no-lightbox\" href=\"https:\/\/en.mca-zimskivrt.si\/wp-content\/uploads\/2023\/07\/MCA-Zimski-vrt-3D-Kontura-3.jpg\" data-width=\"1024\" data-height=\"685\" data-elementor-open-lightbox=\"no\">\n\t\t\t\t\t\t<div class=\"oew-gallery-thumbnail\">\n\t\t\t\t\t\t\t<img decoding=\"async\" src=\"https:\/\/en.mca-zimskivrt.si\/wp-content\/uploads\/2023\/07\/MCA-Zimski-vrt-3D-Kontura-3-300x201.jpg\" alt=\"MCA 3D izris\">\n\t\t\t\t\t\t<\/div>\n\n\t\t\t\t\t\t\t\t\t\t\t\t\t<div class=\"oew-gallery-overlay oew-gallery-transition-fade\">\n\t\t\t\t\t\t\t\t\t\t\t\t\t\t\t<\/div>\n\t\t\t\t\t\t\t\t\t\t\t\t<\/a>\n\t\t\t\t<\/div>\n\n\t\t\t\t\n\t\t\t\t<div class=\"oew-gallery-item\">\n\t\t\t\t\t<a class=\"oew-gallery-item-inner no-lightbox\" href=\"https:\/\/en.mca-zimskivrt.si\/wp-content\/uploads\/2023\/07\/MCA-Zimski-vrt-3D-Kontura-4.jpg\" data-width=\"1024\" data-height=\"685\" data-elementor-open-lightbox=\"no\">\n\t\t\t\t\t\t<div class=\"oew-gallery-thumbnail\">\n\t\t\t\t\t\t\t<img decoding=\"async\" src=\"https:\/\/en.mca-zimskivrt.si\/wp-content\/uploads\/2023\/07\/MCA-Zimski-vrt-3D-Kontura-4-300x201.jpg\" alt=\"MCA 3D izris\">\n\t\t\t\t\t\t<\/div>\n\n\t\t\t\t\t\t\t\t\t\t\t\t\t<div class=\"oew-gallery-overlay oew-gallery-transition-fade\">\n\t\t\t\t\t\t\t\t\t\t\t\t\t\t\t<\/div>\n\t\t\t\t\t\t\t\t\t\t\t\t<\/a>\n\t\t\t\t<\/div>\n\n\t\t\t\t\n\t\t\t\t<div class=\"oew-gallery-item\">\n\t\t\t\t\t<a class=\"oew-gallery-item-inner no-lightbox\" href=\"https:\/\/en.mca-zimskivrt.si\/wp-content\/uploads\/2023\/07\/MCA-Zimski-vrt-3D-Kontura-6.jpg\" data-width=\"1024\" data-height=\"685\" data-elementor-open-lightbox=\"no\">\n\t\t\t\t\t\t<div class=\"oew-gallery-thumbnail\">\n\t\t\t\t\t\t\t<img decoding=\"async\" src=\"https:\/\/en.mca-zimskivrt.si\/wp-content\/uploads\/2023\/07\/MCA-Zimski-vrt-3D-Kontura-6-300x201.jpg\" alt=\"MCA 3D izris\">\n\t\t\t\t\t\t<\/div>\n\n\t\t\t\t\t\t\t\t\t\t\t\t\t<div class=\"oew-gallery-overlay oew-gallery-transition-fade\">\n\t\t\t\t\t\t\t\t\t\t\t\t\t\t\t<\/div>\n\t\t\t\t\t\t\t\t\t\t\t\t<\/a>\n\t\t\t\t<\/div>\n\n\t\t\t\t\n\t\t\t\t<div class=\"oew-gallery-item\">\n\t\t\t\t\t<a class=\"oew-gallery-item-inner no-lightbox\" href=\"https:\/\/en.mca-zimskivrt.si\/wp-content\/uploads\/2023\/07\/MCA-Zimski-vrt-3D-Kontura-8.jpg\" data-width=\"1024\" data-height=\"685\" data-elementor-open-lightbox=\"no\">\n\t\t\t\t\t\t<div class=\"oew-gallery-thumbnail\">\n\t\t\t\t\t\t\t<img decoding=\"async\" src=\"https:\/\/en.mca-zimskivrt.si\/wp-content\/uploads\/2023\/07\/MCA-Zimski-vrt-3D-Kontura-8-300x201.jpg\" alt=\"MCA 3D izris\">\n\t\t\t\t\t\t<\/div>\n\n\t\t\t\t\t\t\t\t\t\t\t\t\t<div class=\"oew-gallery-overlay oew-gallery-transition-fade\">\n\t\t\t\t\t\t\t\t\t\t\t\t\t\t\t<\/div>\n\t\t\t\t\t\t\t\t\t\t\t\t<\/a>\n\t\t\t\t<\/div>\n\n\t\t\t\t\n\t\t\t\t<div class=\"oew-gallery-item\">\n\t\t\t\t\t<a class=\"oew-gallery-item-inner no-lightbox\" href=\"https:\/\/en.mca-zimskivrt.si\/wp-content\/uploads\/2023\/07\/MCA-Zimski-vrt-3D-Kontura-12.jpg\" data-width=\"1024\" data-height=\"685\" data-elementor-open-lightbox=\"no\">\n\t\t\t\t\t\t<div class=\"oew-gallery-thumbnail\">\n\t\t\t\t\t\t\t<img decoding=\"async\" src=\"https:\/\/en.mca-zimskivrt.si\/wp-content\/uploads\/2023\/07\/MCA-Zimski-vrt-3D-Kontura-12-300x201.jpg\" alt=\"MCA 3D izris\">\n\t\t\t\t\t\t<\/div>\n\n\t\t\t\t\t\t\t\t\t\t\t\t\t<div class=\"oew-gallery-overlay oew-gallery-transition-fade\">\n\t\t\t\t\t\t\t\t\t\t\t\t\t\t\t<\/div>\n\t\t\t\t\t\t\t\t\t\t\t\t<\/a>\n\t\t\t\t<\/div>\n\n\t\t\t\t\n\t\t\t\t<div class=\"oew-gallery-item\">\n\t\t\t\t\t<a class=\"oew-gallery-item-inner no-lightbox\" href=\"https:\/\/en.mca-zimskivrt.si\/wp-content\/uploads\/2023\/07\/MCA-Zimski-vrt-3D-Kontura-14.jpg\" data-width=\"1024\" data-height=\"685\" data-elementor-open-lightbox=\"no\">\n\t\t\t\t\t\t<div class=\"oew-gallery-thumbnail\">\n\t\t\t\t\t\t\t<img decoding=\"async\" src=\"https:\/\/en.mca-zimskivrt.si\/wp-content\/uploads\/2023\/07\/MCA-Zimski-vrt-3D-Kontura-14-300x201.jpg\" alt=\"MCA 3D izris\">\n\t\t\t\t\t\t<\/div>\n\n\t\t\t\t\t\t\t\t\t\t\t\t\t<div class=\"oew-gallery-overlay oew-gallery-transition-fade\">\n\t\t\t\t\t\t\t\t\t\t\t\t\t\t\t<\/div>\n\t\t\t\t\t\t\t\t\t\t\t\t<\/a>\n\t\t\t\t<\/div>\n\n\t\t\t\t\n\t\t\t\t<div class=\"oew-gallery-item\">\n\t\t\t\t\t<a class=\"oew-gallery-item-inner no-lightbox\" href=\"https:\/\/en.mca-zimskivrt.si\/wp-content\/uploads\/2023\/07\/MCA-Zimski-vrt-3D-Kontura-20.jpg\" data-width=\"1024\" data-height=\"685\" data-elementor-open-lightbox=\"no\">\n\t\t\t\t\t\t<div class=\"oew-gallery-thumbnail\">\n\t\t\t\t\t\t\t<img decoding=\"async\" src=\"https:\/\/en.mca-zimskivrt.si\/wp-content\/uploads\/2023\/07\/MCA-Zimski-vrt-3D-Kontura-20-300x201.jpg\" alt=\"MCA 3D izris\">\n\t\t\t\t\t\t<\/div>\n\n\t\t\t\t\t\t\t\t\t\t\t\t\t<div class=\"oew-gallery-overlay oew-gallery-transition-fade\">\n\t\t\t\t\t\t\t\t\t\t\t\t\t\t\t<\/div>\n\t\t\t\t\t\t\t\t\t\t\t\t<\/a>\n\t\t\t\t<\/div>\n\n\t\t\t\t\n\t\t\t\t<div class=\"oew-gallery-item\">\n\t\t\t\t\t<a class=\"oew-gallery-item-inner no-lightbox\" href=\"https:\/\/en.mca-zimskivrt.si\/wp-content\/uploads\/2023\/07\/MCA-Zimski-vrt-3D-Kontura-35.jpg\" data-width=\"1024\" data-height=\"685\" data-elementor-open-lightbox=\"no\">\n\t\t\t\t\t\t<div class=\"oew-gallery-thumbnail\">\n\t\t\t\t\t\t\t<img decoding=\"async\" src=\"https:\/\/en.mca-zimskivrt.si\/wp-content\/uploads\/2023\/07\/MCA-Zimski-vrt-3D-Kontura-35-300x201.jpg\" alt=\"MCA 3D izris\">\n\t\t\t\t\t\t<\/div>\n\n\t\t\t\t\t\t\t\t\t\t\t\t\t<div class=\"oew-gallery-overlay oew-gallery-transition-fade\">\n\t\t\t\t\t\t\t\t\t\t\t\t\t\t\t<\/div>\n\t\t\t\t\t\t\t\t\t\t\t\t<\/a>\n\t\t\t\t<\/div>\n\n\t\t\t\t\n\t\t\t\t<div class=\"oew-gallery-item\">\n\t\t\t\t\t<a class=\"oew-gallery-item-inner no-lightbox\" href=\"https:\/\/en.mca-zimskivrt.si\/wp-content\/uploads\/2023\/07\/MCA-Zimski-vrt-3D-Kontura-38.jpg\" data-width=\"1024\" data-height=\"685\" data-elementor-open-lightbox=\"no\">\n\t\t\t\t\t\t<div class=\"oew-gallery-thumbnail\">\n\t\t\t\t\t\t\t<img decoding=\"async\" src=\"https:\/\/en.mca-zimskivrt.si\/wp-content\/uploads\/2023\/07\/MCA-Zimski-vrt-3D-Kontura-38-300x201.jpg\" alt=\"MCA 3D izris\">\n\t\t\t\t\t\t<\/div>\n\n\t\t\t\t\t\t\t\t\t\t\t\t\t<div class=\"oew-gallery-overlay oew-gallery-transition-fade\">\n\t\t\t\t\t\t\t\t\t\t\t\t\t\t\t<\/div>\n\t\t\t\t\t\t\t\t\t\t\t\t<\/a>\n\t\t\t\t<\/div>\n\n\t\t\t\t\n\t\t\t\t<div class=\"oew-gallery-item\">\n\t\t\t\t\t<a class=\"oew-gallery-item-inner no-lightbox\" href=\"https:\/\/en.mca-zimskivrt.si\/wp-content\/uploads\/2023\/07\/MCA-Zimski-vrt-3D-Kontura-45-1.jpg\" data-width=\"1024\" data-height=\"685\" data-elementor-open-lightbox=\"no\">\n\t\t\t\t\t\t<div class=\"oew-gallery-thumbnail\">\n\t\t\t\t\t\t\t<img decoding=\"async\" src=\"https:\/\/en.mca-zimskivrt.si\/wp-content\/uploads\/2023\/07\/MCA-Zimski-vrt-3D-Kontura-45-1-300x201.jpg\" alt=\"MCA 3D izris\">\n\t\t\t\t\t\t<\/div>\n\n\t\t\t\t\t\t\t\t\t\t\t\t\t<div class=\"oew-gallery-overlay oew-gallery-transition-fade\">\n\t\t\t\t\t\t\t\t\t\t\t\t\t\t\t<\/div>\n\t\t\t\t\t\t\t\t\t\t\t\t<\/a>\n\t\t\t\t<\/div>\n\n\t\t\t\t\n\t\t\t\t<div class=\"oew-gallery-item\">\n\t\t\t\t\t<a class=\"oew-gallery-item-inner no-lightbox\" href=\"https:\/\/en.mca-zimskivrt.si\/wp-content\/uploads\/2023\/07\/MCA-Zimski-vrt-3D-Kontura-46.jpg\" data-width=\"1024\" data-height=\"685\" data-elementor-open-lightbox=\"no\">\n\t\t\t\t\t\t<div class=\"oew-gallery-thumbnail\">\n\t\t\t\t\t\t\t<img decoding=\"async\" src=\"https:\/\/en.mca-zimskivrt.si\/wp-content\/uploads\/2023\/07\/MCA-Zimski-vrt-3D-Kontura-46-300x201.jpg\" alt=\"MCA 3D izris\">\n\t\t\t\t\t\t<\/div>\n\n\t\t\t\t\t\t\t\t\t\t\t\t\t<div class=\"oew-gallery-overlay oew-gallery-transition-fade\">\n\t\t\t\t\t\t\t\t\t\t\t\t\t\t\t<\/div>\n\t\t\t\t\t\t\t\t\t\t\t\t<\/a>\n\t\t\t\t<\/div>\n\n\t\t\t\t\n\t\t\t\t<div class=\"oew-gallery-item\">\n\t\t\t\t\t<a class=\"oew-gallery-item-inner no-lightbox\" href=\"https:\/\/en.mca-zimskivrt.si\/wp-content\/uploads\/2023\/07\/z.jpg\" data-width=\"1024\" data-height=\"685\" data-elementor-open-lightbox=\"no\">\n\t\t\t\t\t\t<div class=\"oew-gallery-thumbnail\">\n\t\t\t\t\t\t\t<img decoding=\"async\" src=\"https:\/\/en.mca-zimskivrt.si\/wp-content\/uploads\/2023\/07\/z-300x201.jpg\" alt=\"MCA 3D izris\">\n\t\t\t\t\t\t<\/div>\n\n\t\t\t\t\t\t\t\t\t\t\t\t\t<div class=\"oew-gallery-overlay oew-gallery-transition-fade\">\n\t\t\t\t\t\t\t\t\t\t\t\t\t\t\t<\/div>\n\t\t\t\t\t\t\t\t\t\t\t\t<\/a>\n\t\t\t\t<\/div>\n\n\t\t\t\t\t\t<\/div>\n\n\t\t\t\t<\/div>\n\t\t\t\t<\/div>\n\t\t\t\t\t<\/div>\n\t\t<\/div>\n\t\t\t\t\t<\/div>\n\t\t<\/section>\n\t\t\t\t<\/div>","protected":false},"excerpt":{"rendered":"<p>FREE 3D DRAWING Planning a winter garden Each of us has the desire to have our own &#8220;winter garden&#8221;. A space where there will be enough light and a wonderful view of the surroundings. With our winter garden, which are a synergy of technical solutions, quality materials and precise assembly, your wishes will come true. [&hellip;]<\/p>","protected":false},"author":5,"featured_media":0,"parent":0,"menu_order":0,"comment_status":"closed","ping_status":"closed","template":"","meta":{"_seopress_robots_primary_cat":"","_seopress_titles_title":"Brezpla\u010den 3D izris","_seopress_titles_desc":"","_seopress_robots_index":"","ocean_post_layout":"","ocean_both_sidebars_style":"","ocean_both_sidebars_content_width":0,"ocean_both_sidebars_sidebars_width":0,"ocean_sidebar":"0","ocean_second_sidebar":"0","ocean_disable_margins":"enable","ocean_add_body_class":"","ocean_shortcode_before_top_bar":"","ocean_shortcode_after_top_bar":"","ocean_shortcode_before_header":"","ocean_shortcode_after_header":"","ocean_has_shortcode":"","ocean_shortcode_after_title":"","ocean_shortcode_before_footer_widgets":"","ocean_shortcode_after_footer_widgets":"","ocean_shortcode_before_footer_bottom":"","ocean_shortcode_after_footer_bottom":"","ocean_display_top_bar":"default","ocean_display_header":"default","ocean_header_style":"","ocean_center_header_left_menu":"0","ocean_custom_header_template":"0","ocean_custom_logo":0,"ocean_custom_retina_logo":0,"ocean_custom_logo_max_width":0,"ocean_custom_logo_tablet_max_width":0,"ocean_custom_logo_mobile_max_width":0,"ocean_custom_logo_max_height":0,"ocean_custom_logo_tablet_max_height":0,"ocean_custom_logo_mobile_max_height":0,"ocean_header_custom_menu":"0","ocean_menu_typo_font_family":"0","ocean_menu_typo_font_subset":"","ocean_menu_typo_font_size":0,"ocean_menu_typo_font_size_tablet":0,"ocean_menu_typo_font_size_mobile":0,"ocean_menu_typo_font_size_unit":"px","ocean_menu_typo_font_weight":"","ocean_menu_typo_font_weight_tablet":"","ocean_menu_typo_font_weight_mobile":"","ocean_menu_typo_transform":"","ocean_menu_typo_transform_tablet":"","ocean_menu_typo_transform_mobile":"","ocean_menu_typo_line_height":0,"ocean_menu_typo_line_height_tablet":0,"ocean_menu_typo_line_height_mobile":0,"ocean_menu_typo_line_height_unit":"","ocean_menu_typo_spacing":0,"ocean_menu_typo_spacing_tablet":0,"ocean_menu_typo_spacing_mobile":0,"ocean_menu_typo_spacing_unit":"","ocean_menu_link_color":"","ocean_menu_link_color_hover":"","ocean_menu_link_color_active":"","ocean_menu_link_background":"","ocean_menu_link_hover_background":"","ocean_menu_link_active_background":"","ocean_menu_social_links_bg":"","ocean_menu_social_hover_links_bg":"","ocean_menu_social_links_color":"","ocean_menu_social_hover_links_color":"","ocean_disable_title":"on","ocean_disable_heading":"default","ocean_post_title":"","ocean_post_subheading":"","ocean_post_title_style":"","ocean_post_title_background_color":"","ocean_post_title_background":0,"ocean_post_title_bg_image_position":"","ocean_post_title_bg_image_attachment":"","ocean_post_title_bg_image_repeat":"","ocean_post_title_bg_image_size":"","ocean_post_title_height":0,"ocean_post_title_bg_overlay":0.5,"ocean_post_title_bg_overlay_color":"","ocean_disable_breadcrumbs":"default","ocean_breadcrumbs_color":"","ocean_breadcrumbs_separator_color":"","ocean_breadcrumbs_links_color":"","ocean_breadcrumbs_links_hover_color":"","ocean_display_footer_widgets":"default","ocean_display_footer_bottom":"default","ocean_custom_footer_template":"0","osh_disable_topbar_sticky":"default","osh_disable_header_sticky":"default","osh_sticky_header_style":"default","osh_sticky_header_effect":"","osh_custom_sticky_logo":0,"osh_custom_retina_sticky_logo":0,"osh_custom_sticky_logo_height":0,"osh_background_color":"","osh_links_color":"","osh_links_hover_color":"","osh_links_active_color":"","osh_links_bg_color":"","osh_links_hover_bg_color":"","osh_links_active_bg_color":"","osh_menu_social_links_color":"","osh_menu_social_hover_links_color":""},"_links":{"self":[{"href":"https:\/\/en.mca-zimskivrt.si\/fr\/wp-json\/wp\/v2\/pages\/1735"}],"collection":[{"href":"https:\/\/en.mca-zimskivrt.si\/fr\/wp-json\/wp\/v2\/pages"}],"about":[{"href":"https:\/\/en.mca-zimskivrt.si\/fr\/wp-json\/wp\/v2\/types\/page"}],"author":[{"embeddable":true,"href":"https:\/\/en.mca-zimskivrt.si\/fr\/wp-json\/wp\/v2\/users\/5"}],"replies":[{"embeddable":true,"href":"https:\/\/en.mca-zimskivrt.si\/fr\/wp-json\/wp\/v2\/comments?post=1735"}],"version-history":[{"count":31,"href":"https:\/\/en.mca-zimskivrt.si\/fr\/wp-json\/wp\/v2\/pages\/1735\/revisions"}],"predecessor-version":[{"id":2572,"href":"https:\/\/en.mca-zimskivrt.si\/fr\/wp-json\/wp\/v2\/pages\/1735\/revisions\/2572"}],"wp:attachment":[{"href":"https:\/\/en.mca-zimskivrt.si\/fr\/wp-json\/wp\/v2\/media?parent=1735"}],"curies":[{"name":"wp","href":"https:\/\/api.w.org\/{rel}","templated":true}]}}